{"id":1285,"date":"2021-07-13T15:24:48","date_gmt":"2021-07-13T13:24:48","guid":{"rendered":"https:\/\/mic-fi.it\/vet\/shop\/uncategorized\/standard-lens-o23mm-adapter-o30mm-and-o305mm-for-optical-microscope\/"},"modified":"2023-05-17T14:29:57","modified_gmt":"2023-05-17T12:29:57","slug":"micfieye23","status":"publish","type":"product","link":"https:\/\/mic-fi.it\/vet\/shop\/vet-devices-and-accessories\/micfieye23\/?lang=en","title":{"rendered":"MICFIEYE23 \/ STANDARD LENS \u00d823MM + ADAPTER \u00d830MM AND \u00d830,5MM FOR OPTICAL MICROSCOPES"},"content":{"rendered":"","protected":false},"excerpt":{"rendered":"<p><strong>MICFIEYE23: Standard lens \u00d823mm + adapter \u00d830mm and \u00d830,5mm for optical Microscopes<\/strong><\/p>\n","protected":false},"featured_media":7162,"template":"","meta":[],"product_cat":[79],"product_tag":[],"class_list":["post-1285","product","type-product","status-publish","has-post-thumbnail","hentry","product_cat-vet-devices-and-accessories"],"acf":[],"_links":{"self":[{"href":"https:\/\/mic-fi.it\/vet\/wp-json\/wp\/v2\/product\/1285","targetHints":{"allow":["GET"]}}],"collection":[{"href":"https:\/\/mic-fi.it\/vet\/wp-json\/wp\/v2\/product"}],"about":[{"href":"https:\/\/mic-fi.it\/vet\/wp-json\/wp\/v2\/types\/product"}],"wp:featuredmedia":[{"embeddable":true,"href":"https:\/\/mic-fi.it\/vet\/wp-json\/wp\/v2\/media\/7162"}],"wp:attachment":[{"href":"https:\/\/mic-fi.it\/vet\/wp-json\/wp\/v2\/media?parent=1285"}],"wp:term":[{"taxonomy":"product_cat","embeddable":true,"href":"https:\/\/mic-fi.it\/vet\/wp-json\/wp\/v2\/product_cat?post=1285"},{"taxonomy":"product_tag","embeddable":true,"href":"https:\/\/mic-fi.it\/vet\/wp-json\/wp\/v2\/product_tag?post=1285"}],"curies":[{"name":"wp","href":"https:\/\/api.w.org\/{rel}","templated":true}]}}